{"id":9568,"date":"2017-12-18T14:25:08","date_gmt":"2017-12-18T13:25:08","guid":{"rendered":"https:\/\/www.diedruckerei.de\/magazin\/?page_id=9568"},"modified":"2023-06-29T09:11:19","modified_gmt":"2023-06-29T07:11:19","slug":"flyer","status":"publish","type":"page","link":"https:\/\/www.onlineprinters.de\/magazin\/flyer\/","title":{"rendered":"Flyer"},"content":{"rendered":"<p>&nbsp;<\/p>\n<p><img loading=\"lazy\" decoding=\"async\" class=\"aligncenter wp-image-9735 size-large\" src=\"https:\/\/www.onlineprinters.de\/magazin\/wp-content\/uploads\/2018\/01\/Flyer-1-680x435.jpg\" alt=\"Was ist ein Flyer\" width=\"680\" height=\"435\" \/><\/p>\n<p>Informativ und handlich \u2013 <strong>Flyer sind beliebte Werbemittel<\/strong>, um Empf\u00e4nger gezielt anzusprechen und zu informieren. Dabei entscheiden <strong>Papier- und Formatwahl, Veredelungen<\/strong> <strong>und die Anordnung des Designs<\/strong> \u00fcber die Werbewirkung Ihres Flyers. Was Sie des Weiteren \u00fcber die Anlage der Druckdaten sowie die<strong> Falzm\u00f6glichkeiten<\/strong> Ihrer Flyer wissen m\u00fcssen, erfahren Sie hier.<\/p>\n<h2>Was ist ein Flyer?<\/h2>\n<p>Flyer sind eines der beliebtesten Werbemittel f\u00fcr <strong>verschiedenste Werbezwecke.<\/strong> Sie k\u00f6nnen kosteng\u00fcnstig gedruckt werden, erreichen mit vergleichsweise geringem Aufwand viele Menschen und sprechen ihr Publikum gezielt an. Vielseitig wie nur wenige andere Druckprodukte werden sie als <strong>Einladungen <\/strong>zu Events oder Messen, Promoter f\u00fcr Werbeaktionen oder als<strong> Einleger<\/strong> in Magazinen oder Katalogen eingesetzt. Bei Onlineprinters k\u00f6nnen Sie Ihre <a href=\"https:\/\/www.onlineprinters.de\/c\/lp\/flyer-online-gestalten\">Flyer online gestalten<\/a>.<\/p>\n<h2>Welche Flyerarten gibt es?<\/h2>\n<p>Ob Einleger, Couponflyer oder Veranstaltungsprogramme Programmheftchen &#8211; Je nachdem welchen Zweck die Flyer erf\u00fcllen sollen, bieten sich unterschiedliche Seitenzahlen, Veredelungen, Grammaturen, Formate, Stanzungen, Perforierungen und Falzungen an.<\/p>\n<h3>Papierauswahl<\/h3>\n<p>Die Papiersorte der Flyer bestimmt deren Wirkung und damit auch die Wirkung der abgebildeten Informationen. Viele Druckereien bieten eine gro\u00dfe Auswahl an Papiersorten f\u00fcr Flyer an, darunter fallen h\u00e4ufig:<\/p>\n<ul>\n<li>Bilderdruckpapier<\/li>\n<li>Chromokarton<\/li>\n<li>Kunststofffolie<\/li>\n<li>Naturpapier<\/li>\n<li>Offsetpapier<\/li>\n<li>Recyclingpapier<\/li>\n<\/ul>\n<p><img loading=\"lazy\" decoding=\"async\" class=\"aligncenter wp-image-9613 size-large\" src=\"https:\/\/www.onlineprinters.de\/magazin\/wp-content\/uploads\/2017\/12\/Detailansicht-Material-386_02-680x300.jpg\" alt=\"Verschiedene Papierarten\" width=\"680\" height=\"300\" \/><\/p>\n<h3>Veredelung<\/h3>\n<p>Mit einer zus\u00e4tzlichen Veredelung kann die gew\u00fcnschte Wirkung noch verst\u00e4rkt werden. Eine <strong>UV-Lackschicht<\/strong> l\u00e4sst das Papier beispielsweise noch st\u00e4rker gl\u00e4nzen. Ein matter <strong>Dispersionslack<\/strong> erzielt das Gegenteil. Mit einer<strong> partiellen Veredelung<\/strong> werden optische Akzente besonders gut gesetzt und ganz bestimmte Designelemente hervorgehoben. Auch haptisch sind solche partiellen Lackschichten wahrnehmbar. Zu den absoluten Hinguckern z\u00e4hlen <strong>partielle Veredelungen aus Gold oder Silber,<\/strong> die auff\u00e4llig helle Oberlichter reflektieren.<\/p>\n<h3>Grammatur<\/h3>\n<p>Mit der Papierwahl geht auch die Entscheidung f\u00fcr die Grammatur der Flyer einher. Dabei m\u00fcssen Sie beachten, welche Wirkung mit den Flyern erzielt werden soll. <strong>Bilderdruckpapier in 130 bis 170 g\/m\u00b2<\/strong> ist g\u00e4ngig f\u00fcr Flyer im klassischen Sinne. So sind sie noch d\u00fcnn genug um leicht gefaltet und in die Hosentasche gesteckt zu werden und gleicherma\u00dfen dick genug, um nicht zu knicken, wenn der Flyer mit einer Hand gehalten wird. Papiere mit einer Grammatur von <strong>90 bis 135 g\/m\u00b2<\/strong> eignen sich bestens f\u00fcr <strong>Einleger<\/strong>, wohingegen sich Papiere mit <strong>250 bis 400 g\/m\u00b2<\/strong> schon wie <strong>Postkarten<\/strong> anf\u00fchlen.<\/p>\n<h3>Perforierung<\/h3>\n<p>Flyer mit Stanzungen oder Perforierungen werden h\u00e4ufig als <strong>Couponflyer<\/strong> f\u00fcr Rabatt- oder Gutscheinaktionen verwendet. Durch die Perforation ist das <strong>Abtrennen der einzelnen Coupons besonders einfach<\/strong>. Die Perforation kann auf dem gesamten Flyer angebracht sein, wodurch eine Vielzahl an Coupons entsteht oder nur an ausgew\u00e4hlten Stellen gesetzt werden, sodass ein gr\u00f6\u00dferer nicht perforierter Teil Platz f\u00fcr Zusatzinformationen bietet.<\/p>\n<h3><a href=\"https:\/\/www.onlineprinters.de\/k\/falzflyer\"><img loading=\"lazy\" decoding=\"async\" class=\"aligncenter wp-image-9619 size-large\" title=\"Wie sieht ein Falzflyer aus\" src=\"https:\/\/www.onlineprinters.de\/magazin\/wp-content\/uploads\/2017\/12\/Falzflyer-1024x535.png\" alt=\"Falzflyer\" width=\"696\" height=\"364\" srcset=\"https:\/\/www.onlineprinters.de\/magazin\/wp-content\/uploads\/2017\/12\/Falzflyer-1024x535.png 1024w, https:\/\/www.onlineprinters.de\/magazin\/wp-content\/uploads\/2017\/12\/Falzflyer-300x157.png 300w, https:\/\/www.onlineprinters.de\/magazin\/wp-content\/uploads\/2017\/12\/Falzflyer-768x401.png 768w, https:\/\/www.onlineprinters.de\/magazin\/wp-content\/uploads\/2017\/12\/Falzflyer-696x364.png 696w, https:\/\/www.onlineprinters.de\/magazin\/wp-content\/uploads\/2017\/12\/Falzflyer-1068x558.png 1068w, https:\/\/www.onlineprinters.de\/magazin\/wp-content\/uploads\/2017\/12\/Falzflyer-804x420.png 804w, https:\/\/www.onlineprinters.de\/magazin\/wp-content\/uploads\/2017\/12\/Falzflyer.png 1200w\" sizes=\"auto, (max-width: 696px) 100vw, 696px\" \/><\/a><\/h3>\n<h3>Flyer und Falzarten<\/h3>\n<p>Der Umfang Ihrer Inhalte gibt vor, wie viele Seiten die Flyer haben sollen. Durch <strong>unterschiedliche Falzarten<\/strong> ergeben sich verschiedene Seitenanzahlen.<\/p>\n<div class=\"custom-background-grey\">\n<p>Als Falz wird die Knick- bzw. Falzkante oder auch der Bruch eines Papiers bezeichnet, welcher dieses in Seiten unterteilt. Das Falzen wird maschinell vorgenommen und unterscheidet sich damit vom h\u00e4ndischen Falten.<\/p>\n<\/div>\n<p>Sie k\u00f6nnen auch bewusst mit den Falzarten spielen. Der Kreuzbruchfalz erm\u00f6glicht es beispielsweise viele Informationen auf einmal darzustellen und dennoch ein handliches Endformat zu erhalten, wie man es von Landkarten oder Aufbauanleitungen her kennt. Folgende Tabelle gibt eine \u00dcbersicht \u00fcber einige Falzarten und den daraus resultierenden Seitenanzahlen:<\/p>\n<div class=\"responsiveTable\"><table>\n<tbody>\n<tr>\n<td style=\"padding-right: 30px;\"><strong>SEITENANZAHL<\/strong><\/td>\n<td><strong> FALZART<\/strong><\/td>\n<\/tr>\n<tr>\n<td>zweiseitig<\/td>\n<td>ungefalzt<\/td>\n<\/tr>\n<tr>\n<td>vierseitig<\/td>\n<td>1-Bruch-Falz\/Lagenfalz<\/td>\n<\/tr>\n<tr>\n<td>sechsseitig<\/td>\n<td>2-Bruch-Altarfalz\/Fensterfalz<\/td>\n<\/tr>\n<tr>\n<td><\/td>\n<td>2-Bruch-Wickelfalz<\/td>\n<\/tr>\n<tr>\n<td><\/td>\n<td>2-Bruch-Zickzackfalz<\/td>\n<\/tr>\n<tr>\n<td>achtseitig<\/td>\n<td>3-Bruch-Altarfalz<\/td>\n<\/tr>\n<tr>\n<td><\/td>\n<td>2-Bruch-Kreuzfalz<\/td>\n<\/tr>\n<tr>\n<td><\/td>\n<td>3-Bruch-Parallelfalz\/3-Bruch-Doppelparallelfalz<\/td>\n<\/tr>\n<tr>\n<td><\/td>\n<td>3-Bruch-Wickelfalz<\/td>\n<\/tr>\n<tr>\n<td><\/td>\n<td>3-Bruch-Zickzackfalz<\/td>\n<\/tr>\n<tr>\n<td>zehnseitig<\/td>\n<td>4-Bruch-Wickelfalz<\/td>\n<\/tr>\n<tr>\n<td><\/td>\n<td>4-Bruch-Zickzackfalz<\/td>\n<\/tr>\n<tr>\n<td><\/td>\n<td>4-Bruch-Parallelwickelfalz<\/td>\n<\/tr>\n<tr>\n<td>12-seitig<\/td>\n<td>5-Bruch-Parallelfalz\/5-Bruch-Parallelwickelfalz<\/td>\n<\/tr>\n<tr>\n<td><\/td>\n<td>5-Bruch-Zickzackfalz<\/td>\n<\/tr>\n<tr>\n<td><\/td>\n<td>5-Bruch-Wickelfalz mit letzter Seite Zickzackfalz<\/td>\n<\/tr>\n<tr>\n<td><\/td>\n<td>2-Bruch-Wickel-Kreuzfalz<\/td>\n<\/tr>\n<tr>\n<td><\/td>\n<td>2-Bruch-Zickzack-Kreuzfalz<\/td>\n<\/tr>\n<tr>\n<td>16-seitig<\/td>\n<td>3-Bruch-Kreuzfalz<\/td>\n<\/tr>\n<tr>\n<td>32-seitig<\/td>\n<td>3-Bruch-Zickzack-2-Bruch-Parallelmittelfalz<\/td>\n<\/tr>\n<\/tbody>\n<\/table><\/div>\n<h3>Welches Format eignet sich f\u00fcr Flyer am besten?<\/h3>\n<p>Flyer sind in einer Vielzahl an Formaten, meist genormten DIN-Formaten, verf\u00fcgbar. <strong>Das klassische Flyer-Format ist DIN A6<\/strong>. Neben Flyern in DIN A6 sind h\u00e4ufig auch DIN A3, A4, A5, A6, A7, A8 verf\u00fcgbar. Etwas ausgefallenere Formate, die sich in der Benennung von Druckerei zu Druckerei unterscheiden, sind:<\/p>\n<ul>\n<li>DIN lang<\/li>\n<li>DIN quadratisch<\/li>\n<li>DIN halb<\/li>\n<li>Maxi-Format<\/li>\n<li>rund<\/li>\n<li>oval<\/li>\n<\/ul>\n<h2><img loading=\"lazy\" decoding=\"async\" class=\"aligncenter wp-image-9618 size-large\" src=\"https:\/\/www.onlineprinters.de\/magazin\/wp-content\/uploads\/2017\/12\/Druckdatenblatt-680x355.png\" alt=\"Beispiel eines Flyer-Formats\" width=\"680\" height=\"355\" \/><\/h2>\n<h2>Was muss beim Erstellen der Druckdaten von Flyern beachtet werden?<\/h2>\n<p>Beim Erstellen der Druckdaten ist vor allem auf die <strong>Angaben der Druckerei <\/strong>zu achten. Diese Checkliste gibt Ihnen einen \u00dcberblick, was Ihre Druckdaten jedoch immer erf\u00fcllen sollten, wenn Sie <a href=\"https:\/\/www.onlineprinters.de\/k\/flyer\">Flyer drucken<\/a> m\u00f6chten:<\/p>\n<ul>\n<li>Welche <strong>Aufl\u00f6sung<\/strong> ist f\u00fcr Flyer angemessen? Ein optimales Druckergebnis von Grafiken und Bildern auf dem Flyer erzielen Sie mit mindestens 300 dpi.<\/li>\n<li>Wenn Sie <strong>Schriften<\/strong> verwenden, sollten diese vollst\u00e4ndig eingebettet oder in Kurven konvertiert sein, damit sie von der Druckerei erkannt und richtig gedruckt werden k\u00f6nnen.<\/li>\n<li>F\u00fcr jedes Drucklayout muss zus\u00e4tzlich eine <strong>Beschnittzugabe<\/strong> und ein gewisser Sicherheitsabstand zum Formatrand eingehalten werden, damit alle Elemente des Layouts beim Drucken und anschlie\u00dfenden Schneiden sichtbar bleiben.<\/li>\n<li>Beachten Sie beim Anlegen Ihres Designs auch alle <strong>Falzmarkierungen<\/strong> und bedenken Sie, inwiefern diese das produzierte Flyerdesign beeinflussen werden.<\/li>\n<li>Sofern Sie Ihre Flyer nicht mit einer Sonderfarbe bedrucken wollen, m\u00fcssen alle Farben im <strong>CMYK-Modus<\/strong> angelegt sein.<\/li>\n<\/ul>\n<h2>Flyer mit dem gewissen Etwas<\/h2>\n<p>Neben Veredelungstechniken mit Lack oder Folie, verleihen auch<strong> Pr\u00e4gungen<\/strong> oder besondere <strong>Stanzkonturen<\/strong> den Flyern einen echten Hingucker-Effekt.<\/p>\n<h3><img loading=\"lazy\" decoding=\"async\" class=\"aligncenter wp-image-9620 size-large\" src=\"https:\/\/www.onlineprinters.de\/magazin\/wp-content\/uploads\/2017\/12\/Stanzungen-680x355.png\" alt=\"Ein Flyer mit Stanzung\" width=\"680\" height=\"355\" \/><\/h3>\n<h3>Gepr\u00e4gt, gestanzt, abgerundet, \u2026<\/h3>\n<p>Gewisse Druckverfahren wie beispielsweise das <strong>Letterpress-Verfahren<\/strong> dr\u00fccken das Motiv regelrecht in das Material und erzeugen so eine sp\u00fcrbare Tiefpr\u00e4gung. Bei diesem Druckverfahren sollten Papiere oder Materialen gew\u00e4hlt werden, die durch ihre St\u00e4rke und Beschaffenheit eine solche Pr\u00e4gung erlauben. Aber auch Flyer mit besonderer Stanzung ziehen Blicke auf sich. Dabei sind die verschiedensten Formen wie <strong>Kreise, Sterne, Herzen oder Kegel<\/strong> denkbar. Wer es weniger auff\u00e4llig mag, erzielt schon durch abgerundete Ecken ein Design der etwas anderen Art.<\/p>\n<h3>Flyer ohne CMYK drucken<\/h3>\n<p>Um einen bestimmten Farbton zu erreichen, der au\u00dferhalb des CMYK-Farbraums liegt, stehen Ihnen <strong>Pantone- oder HKS-Sonderfarben<\/strong> zur Verf\u00fcgung. Diese Farbt\u00f6ne werden separat aufgetragen und nicht wie im \u00fcblichen Vierfarbdruck w\u00e4hrend des Drucks gemischt. Beim Anlegen Ihrer Druckdaten ist es wichtig, dass Sie das jeweilige Farbfeld der Sonderfarbe auch im entsprechenden Farbmodus anlegen.<\/p>\n<p><img loading=\"lazy\" decoding=\"async\" class=\"aligncenter wp-image-9614 size-large\" src=\"https:\/\/www.onlineprinters.de\/magazin\/wp-content\/uploads\/2017\/12\/Flyer-Header-02a-680x300.jpg\" alt=\"Flyer\" width=\"680\" height=\"300\" \/><\/p>\n<h3>Wie viele Flyer braucht man?<\/h3>\n<p>Eine Faustformel f\u00fcr die <strong>perfekte Flyeranzahl<\/strong> f\u00fcr Ihre Werbeaktion<strong> gibt es nicht<\/strong>. Jedoch hilft es bei der Einsch\u00e4tzung weiter, wenn Sie sich einen genauen Plan machen, wen Sie mit dieser Werbema\u00dfnahme ansprechen wollen, wo die Kontaktpunkte sind an denen Sie diese Personen ansprechen wollen und wie viele dieser Kontaktpunkte f\u00fcr das gew\u00fcnschte Aufmerksamkeitsziel n\u00f6tig sind.<\/p>\n","protected":false},"excerpt":{"rendered":"<p>&nbsp; Informativ und handlich \u2013 Flyer sind beliebte Werbemittel, um Empf\u00e4nger gezielt anzusprechen und zu informieren. Dabei entscheiden Papier- und Formatwahl, Veredelungen und die Anordnung des Designs \u00fcber die Werbewirkung Ihres Flyers. Was Sie des Weiteren \u00fcber die Anlage der Druckdaten sowie die Falzm\u00f6glichkeiten Ihrer Flyer wissen m\u00fcssen, erfahren Sie hier. Was ist ein Flyer? [&hellip;]<\/p>\n","protected":false},"author":32,"featured_media":0,"parent":0,"menu_order":0,"comment_status":"closed","ping_status":"closed","template":"","meta":{"footnotes":""},"class_list":["post-9568","page","type-page","status-publish","hentry"],"yoast_head":"<!-- This site is optimized with the Yoast SEO plugin v27.3 - https:\/\/yoast.com\/product\/yoast-seo-wordpress\/ -->\n<title>Was ist ein Flyer? Alles \u00fcber Arten, Formate &amp; Grammaturen<\/title>\n<meta name=\"description\" content=\"Was ist ein Flyer, welche Arten und Formate gibt es und worauf muss man bei der Grammatur achten? Alles Wissenswerte erf\u00e4hrst Du hier!\" \/>\n<meta name=\"robots\" content=\"index, follow, max-snippet:-1, max-image-preview:large, max-video-preview:-1\" \/>\n<link rel=\"canonical\" href=\"https:\/\/www.onlineprinters.de\/magazin\/flyer\/\" \/>\n<meta property=\"og:locale\" content=\"de_DE\" \/>\n<meta property=\"og:type\" content=\"article\" \/>\n<meta property=\"og:title\" content=\"Was ist ein Flyer? Alles \u00fcber Arten, Formate &amp; Grammaturen\" \/>\n<meta property=\"og:description\" content=\"Was ist ein Flyer, welche Arten und Formate gibt es und worauf muss man bei der Grammatur achten? Alles Wissenswerte erf\u00e4hrst Du hier!\" \/>\n<meta property=\"og:url\" content=\"https:\/\/www.onlineprinters.de\/magazin\/flyer\/\" \/>\n<meta property=\"og:site_name\" content=\"Onlineprinters Magazin\" \/>\n<meta property=\"article:modified_time\" content=\"2023-06-29T07:11:19+00:00\" \/>\n<meta property=\"og:image\" content=\"https:\/\/www.onlineprinters.de\/magazin\/wp-content\/uploads\/2018\/01\/Flyer-1-680x435.jpg\" \/>\n<meta name=\"twitter:card\" content=\"summary_large_image\" \/>\n<script type=\"application\/ld+json\" class=\"yoast-schema-graph\">{\"@context\":\"https:\\\/\\\/schema.org\",\"@graph\":[{\"@type\":\"WebPage\",\"@id\":\"https:\\\/\\\/www.onlineprinters.de\\\/magazin\\\/flyer\\\/\",\"url\":\"https:\\\/\\\/www.onlineprinters.de\\\/magazin\\\/flyer\\\/\",\"name\":\"Was ist ein Flyer? Alles \u00fcber Arten, Formate & Grammaturen\",\"isPartOf\":{\"@id\":\"https:\\\/\\\/www.onlineprinters.de\\\/magazin\\\/#website\"},\"primaryImageOfPage\":{\"@id\":\"https:\\\/\\\/www.onlineprinters.de\\\/magazin\\\/flyer\\\/#primaryimage\"},\"image\":{\"@id\":\"https:\\\/\\\/www.onlineprinters.de\\\/magazin\\\/flyer\\\/#primaryimage\"},\"thumbnailUrl\":\"https:\\\/\\\/www.onlineprinters.de\\\/magazin\\\/wp-content\\\/uploads\\\/2018\\\/01\\\/Flyer-1-680x435.jpg\",\"datePublished\":\"2017-12-18T13:25:08+00:00\",\"dateModified\":\"2023-06-29T07:11:19+00:00\",\"description\":\"Was ist ein Flyer, welche Arten und Formate gibt es und worauf muss man bei der Grammatur achten? Alles Wissenswerte erf\u00e4hrst Du hier!\",\"inLanguage\":\"de\",\"potentialAction\":[{\"@type\":\"ReadAction\",\"target\":[\"https:\\\/\\\/www.onlineprinters.de\\\/magazin\\\/flyer\\\/\"]}]},{\"@type\":\"ImageObject\",\"inLanguage\":\"de\",\"@id\":\"https:\\\/\\\/www.onlineprinters.de\\\/magazin\\\/flyer\\\/#primaryimage\",\"url\":\"https:\\\/\\\/www.onlineprinters.de\\\/magazin\\\/wp-content\\\/uploads\\\/2018\\\/01\\\/Flyer-1.jpg\",\"contentUrl\":\"https:\\\/\\\/www.onlineprinters.de\\\/magazin\\\/wp-content\\\/uploads\\\/2018\\\/01\\\/Flyer-1.jpg\",\"width\":1601,\"height\":1024,\"caption\":\"Was ist ein Flyer\"},{\"@type\":\"WebSite\",\"@id\":\"https:\\\/\\\/www.onlineprinters.de\\\/magazin\\\/#website\",\"url\":\"https:\\\/\\\/www.onlineprinters.de\\\/magazin\\\/\",\"name\":\"Onlineprinters Magazin\",\"description\":\"\",\"potentialAction\":[{\"@type\":\"SearchAction\",\"target\":{\"@type\":\"EntryPoint\",\"urlTemplate\":\"https:\\\/\\\/www.onlineprinters.de\\\/magazin\\\/?s={search_term_string}\"},\"query-input\":{\"@type\":\"PropertyValueSpecification\",\"valueRequired\":true,\"valueName\":\"search_term_string\"}}],\"inLanguage\":\"de\"}]}<\/script>\n<!-- \/ Yoast SEO plugin. -->","yoast_head_json":{"title":"Was ist ein Flyer? Alles \u00fcber Arten, Formate & Grammaturen","description":"Was ist ein Flyer, welche Arten und Formate gibt es und worauf muss man bei der Grammatur achten? Alles Wissenswerte erf\u00e4hrst Du hier!","robots":{"index":"index","follow":"follow","max-snippet":"max-snippet:-1","max-image-preview":"max-image-preview:large","max-video-preview":"max-video-preview:-1"},"canonical":"https:\/\/www.onlineprinters.de\/magazin\/flyer\/","og_locale":"de_DE","og_type":"article","og_title":"Was ist ein Flyer? Alles \u00fcber Arten, Formate & Grammaturen","og_description":"Was ist ein Flyer, welche Arten und Formate gibt es und worauf muss man bei der Grammatur achten? Alles Wissenswerte erf\u00e4hrst Du hier!","og_url":"https:\/\/www.onlineprinters.de\/magazin\/flyer\/","og_site_name":"Onlineprinters Magazin","article_modified_time":"2023-06-29T07:11:19+00:00","og_image":[{"url":"https:\/\/www.onlineprinters.de\/magazin\/wp-content\/uploads\/2018\/01\/Flyer-1-680x435.jpg","type":"","width":"","height":""}],"twitter_card":"summary_large_image","schema":{"@context":"https:\/\/schema.org","@graph":[{"@type":"WebPage","@id":"https:\/\/www.onlineprinters.de\/magazin\/flyer\/","url":"https:\/\/www.onlineprinters.de\/magazin\/flyer\/","name":"Was ist ein Flyer? Alles \u00fcber Arten, Formate & Grammaturen","isPartOf":{"@id":"https:\/\/www.onlineprinters.de\/magazin\/#website"},"primaryImageOfPage":{"@id":"https:\/\/www.onlineprinters.de\/magazin\/flyer\/#primaryimage"},"image":{"@id":"https:\/\/www.onlineprinters.de\/magazin\/flyer\/#primaryimage"},"thumbnailUrl":"https:\/\/www.onlineprinters.de\/magazin\/wp-content\/uploads\/2018\/01\/Flyer-1-680x435.jpg","datePublished":"2017-12-18T13:25:08+00:00","dateModified":"2023-06-29T07:11:19+00:00","description":"Was ist ein Flyer, welche Arten und Formate gibt es und worauf muss man bei der Grammatur achten? Alles Wissenswerte erf\u00e4hrst Du hier!","inLanguage":"de","potentialAction":[{"@type":"ReadAction","target":["https:\/\/www.onlineprinters.de\/magazin\/flyer\/"]}]},{"@type":"ImageObject","inLanguage":"de","@id":"https:\/\/www.onlineprinters.de\/magazin\/flyer\/#primaryimage","url":"https:\/\/www.onlineprinters.de\/magazin\/wp-content\/uploads\/2018\/01\/Flyer-1.jpg","contentUrl":"https:\/\/www.onlineprinters.de\/magazin\/wp-content\/uploads\/2018\/01\/Flyer-1.jpg","width":1601,"height":1024,"caption":"Was ist ein Flyer"},{"@type":"WebSite","@id":"https:\/\/www.onlineprinters.de\/magazin\/#website","url":"https:\/\/www.onlineprinters.de\/magazin\/","name":"Onlineprinters Magazin","description":"","potentialAction":[{"@type":"SearchAction","target":{"@type":"EntryPoint","urlTemplate":"https:\/\/www.onlineprinters.de\/magazin\/?s={search_term_string}"},"query-input":{"@type":"PropertyValueSpecification","valueRequired":true,"valueName":"search_term_string"}}],"inLanguage":"de"}]}},"_links":{"self":[{"href":"https:\/\/www.onlineprinters.de\/magazin\/wp-json\/wp\/v2\/pages\/9568","targetHints":{"allow":["GET"]}}],"collection":[{"href":"https:\/\/www.onlineprinters.de\/magazin\/wp-json\/wp\/v2\/pages"}],"about":[{"href":"https:\/\/www.onlineprinters.de\/magazin\/wp-json\/wp\/v2\/types\/page"}],"author":[{"embeddable":true,"href":"https:\/\/www.onlineprinters.de\/magazin\/wp-json\/wp\/v2\/users\/32"}],"replies":[{"embeddable":true,"href":"https:\/\/www.onlineprinters.de\/magazin\/wp-json\/wp\/v2\/comments?post=9568"}],"version-history":[{"count":7,"href":"https:\/\/www.onlineprinters.de\/magazin\/wp-json\/wp\/v2\/pages\/9568\/revisions"}],"predecessor-version":[{"id":40203,"href":"https:\/\/www.onlineprinters.de\/magazin\/wp-json\/wp\/v2\/pages\/9568\/revisions\/40203"}],"wp:attachment":[{"href":"https:\/\/www.onlineprinters.de\/magazin\/wp-json\/wp\/v2\/media?parent=9568"}],"curies":[{"name":"wp","href":"https:\/\/api.w.org\/{rel}","templated":true}]}}